{"id":19,"date":"2026-01-02T14:29:58","date_gmt":"2026-01-02T17:29:58","guid":{"rendered":"https:\/\/www.vejaantes.com.br\/?page_id=19"},"modified":"2026-01-06T19:14:46","modified_gmt":"2026-01-06T22:14:46","slug":"home","status":"publish","type":"page","link":"https:\/\/www.vejaantes.com.br\/","title":{"rendered":"Home"},"content":{"rendered":"\t\t<div data-elementor-type=\"wp-page\" data-elementor-id=\"19\" class=\"elementor elementor-19\">\n\t\t\t\t<div class=\"elementor-element elementor-element-25ae21a e-flex e-con-boxed e-con e-parent\" data-id=\"25ae21a\" data-element_type=\"container\">\n\t\t\t\t\t<div class=\"e-con-inner\">\n\t\t\t\t<div class=\"elementor-element elementor-element-3a4437a elementor-widget__width-inherit elementor-widget elementor-widget-image\" data-id=\"3a4437a\" data-element_type=\"widget\" data-widget_type=\"image.default\">\n\t\t\t\t\t\t\t\t\t\t\t\t\t\t\t<img fetchpriority=\"high\" decoding=\"async\" width=\"1024\" height=\"331\" src=\"https:\/\/www.vejaantes.com.br\/wp-content\/uploads\/2026\/01\/capa-1024x331.jpg\" class=\"attachment-large size-large wp-image-25\" alt=\"\" srcset=\"https:\/\/www.vejaantes.com.br\/wp-content\/uploads\/2026\/01\/capa-1024x331.jpg 1024w, https:\/\/www.vejaantes.com.br\/wp-content\/uploads\/2026\/01\/capa-300x97.jpg 300w, https:\/\/www.vejaantes.com.br\/wp-content\/uploads\/2026\/01\/capa-768x248.jpg 768w, https:\/\/www.vejaantes.com.br\/wp-content\/uploads\/2026\/01\/capa-1536x496.jpg 1536w, https:\/\/www.vejaantes.com.br\/wp-content\/uploads\/2026\/01\/capa.jpg 1920w\" sizes=\"(max-width: 1024px) 100vw, 1024px\" \/>\t\t\t\t\t\t\t\t\t\t\t\t\t\t\t<\/div>\n\t\t\t\t\t<\/div>\n\t\t\t\t<\/div>\n\t\t<div class=\"elementor-element elementor-element-6a7be09 e-flex e-con-boxed e-con e-parent\" data-id=\"6a7be09\" data-element_type=\"container\">\n\t\t\t\t\t<div class=\"e-con-inner\">\n\t\t\t\t<div class=\"elementor-element elementor-element-478068e elementor-widget elementor-widget-heading\" data-id=\"478068e\" data-element_type=\"widget\" data-widget_type=\"heading.default\">\n\t\t\t\t\t<h2 class=\"elementor-heading-title elementor-size-default\">\u00daltimas Postagens<\/h2>\t\t\t\t<\/div>\n\t\t\t\t<div class=\"elementor-element elementor-element-042d1e3 elementor-widget elementor-widget-htmega-postcarousel-addons\" data-id=\"042d1e3\" data-element_type=\"widget\" data-settings=\"{&quot;carousel_post_type&quot;:&quot;post&quot;}\" data-widget_type=\"htmega-postcarousel-addons.default\">\n\t\t\t\t<div class=\"elementor-widget-container\">\n\t\t\t\t\t            <div class=\"post-carousel-wrapper htmega-postcarousel-layout-2 htmega-verticle-center-arrow sid042d1e3\">\n                <div dir=\"ltr\" class=\"htmega-carousel-activation\" data-settings=\"{&quot;sectionid&quot;:&quot;sid042d1e3&quot;,&quot;arrows&quot;:true,&quot;arrow_prev_txt&quot;:&quot;&lt;svg class=\\&quot;e-font-icon-svg e-fas-angle-left\\&quot; viewBox=\\&quot;0 0 256 512\\&quot; xmlns=\\&quot;http:\\\/\\\/www.w3.org\\\/2000\\\/svg\\&quot;&gt;&lt;path d=\\&quot;M31.7 239l136-136c9.4-9.4 24.6-9.4 33.9 0l22.6 22.6c9.4 9.4 9.4 24.6 0 33.9L127.9 256l96.4 96.4c9.4 9.4 9.4 24.6 0 33.9L201.7 409c-9.4 9.4-24.6 9.4-33.9 0l-136-136c-9.5-9.4-9.5-24.6-.1-34z\\&quot;&gt;&lt;\\\/path&gt;&lt;\\\/svg&gt;&quot;,&quot;arrow_next_txt&quot;:&quot;&lt;svg class=\\&quot;e-font-icon-svg e-fas-angle-right\\&quot; viewBox=\\&quot;0 0 256 512\\&quot; xmlns=\\&quot;http:\\\/\\\/www.w3.org\\\/2000\\\/svg\\&quot;&gt;&lt;path d=\\&quot;M224.3 273l-136 136c-9.4 9.4-24.6 9.4-33.9 0l-22.6-22.6c-9.4-9.4-9.4-24.6 0-33.9l96.4-96.4-96.4-96.4c-9.4-9.4-9.4-24.6 0-33.9L54.3 103c9.4-9.4 24.6-9.4 33.9 0l136 136c9.5 9.4 9.5 24.6.1 34z\\&quot;&gt;&lt;\\\/path&gt;&lt;\\\/svg&gt;&quot;,&quot;dots&quot;:false,&quot;autoplay&quot;:false,&quot;autoplay_speed&quot;:3000,&quot;animation_speed&quot;:300,&quot;slloop&quot;:true,&quot;pause_on_hover&quot;:true,&quot;center_mode&quot;:false,&quot;center_padding&quot;:0,&quot;equal_height_column&quot;:false,&quot;equal_height_column_class&quot;:&quot;.post-inner&quot;,&quot;display_columns&quot;:3,&quot;scroll_columns&quot;:1,&quot;tablet_width&quot;:750,&quot;tablet_display_columns&quot;:1,&quot;tablet_scroll_columns&quot;:1,&quot;mobile_width&quot;:480,&quot;mobile_display_columns&quot;:1,&quot;mobile_scroll_columns&quot;:1}\" style=\"display:none;\">\n\n                    \n                                                    <div class=\"htmega-single-post-slide htmega-postslider-layout-2\" >\n                                <div class=\"thumb\">\n                                    <a href=\"https:\/\/www.vejaantes.com.br\/index.php\/2026\/01\/06\/ola-mundo-2-2-2-2\/\"><img decoding=\"async\" width=\"396\" height=\"360\" src=\"https:\/\/www.vejaantes.com.br\/wp-content\/uploads\/2026\/01\/ar-condicionado-396x360.jpg\" class=\"attachment-htmega_size_396x360 size-htmega_size_396x360 wp-post-image\" alt=\"\" \/><\/a>\n                                <\/div>\n                                            <div class=\"content htmega-solid\">\n                <div class=\"post-inner\">\n                                                    <ul class=\"post-category\">\n                                                                                <li><a href=\"https:\/\/www.vejaantes.com.br\/index.php\/category\/casa-cozinha\/climatizacao-ar-condicionado-ventilador\/\" class=\"category climatizacao-ar-condicionado-ventilador\">Climatiza\u00e7\u00e3o (ar-condicionado, ventilador)<\/a><\/li>\n                                                                        <\/ul>\n                            \n                    \n                                                <h2><a href=\"https:\/\/www.vejaantes.com.br\/index.php\/2026\/01\/06\/ola-mundo-2-2-2-2\/\">Por que ter um ar-condicionado?<\/a><\/h2>\n                        \n                    \n                    <p>O ar-condicionado \u00e9 um item cada vez mais presente em resid\u00eancias, escrit\u00f3rios e com\u00e9rcios, principalmente por oferecer conforto t\u00e9rmico e<\/p>\n                                                <ul class=\"meta\">\n                                                                    <li><i class=\"fa fa-user-circle\"><\/i><a href=\"https:\/\/www.vejaantes.com.br\/index.php\/author\/contatovejaantes-com-br\/\">contato@vejaantes.com.br<\/a><\/li>\n                                                                    <li><i class=\"fa fa-clock-o\"><\/i>06 janeiro 2026<\/li>\n                                                            <\/ul>\n                                \n                    \n                                            <div class=\"post-btn\">\n                            <a class=\"readmore-btn\" href=\"https:\/\/www.vejaantes.com.br\/index.php\/2026\/01\/06\/ola-mundo-2-2-2-2\/\">SAIBA MAIS<\/a>\n                        <\/div>\n                    \n                <\/div>\n            <\/div>\n                                    <\/div>\n\n                        \n                        \n                                                    <div class=\"htmega-single-post-slide htmega-postslider-layout-2\" >\n                                <div class=\"thumb\">\n                                    <a href=\"https:\/\/www.vejaantes.com.br\/index.php\/2026\/01\/03\/ola-mundo-2-2-2\/\"><img decoding=\"async\" width=\"396\" height=\"360\" src=\"https:\/\/www.vejaantes.com.br\/wp-content\/uploads\/2026\/01\/ar-condicionado-396x360.jpg\" class=\"attachment-htmega_size_396x360 size-htmega_size_396x360 wp-post-image\" alt=\"\" \/><\/a>\n                                <\/div>\n                                            <div class=\"content htmega-solid\">\n                <div class=\"post-inner\">\n                                                    <ul class=\"post-category\">\n                                                                                <li><a href=\"https:\/\/www.vejaantes.com.br\/index.php\/category\/casa-cozinha\/climatizacao-ar-condicionado-ventilador\/\" class=\"category climatizacao-ar-condicionado-ventilador\">Climatiza\u00e7\u00e3o (ar-condicionado, ventilador)<\/a><\/li>\n                                                                                    <li><a href=\"https:\/\/www.vejaantes.com.br\/index.php\/category\/sem-categoria\/\" class=\"category sem-categoria\">Sem categoria<\/a><\/li>\n                                                                        <\/ul>\n                            \n                    \n                                                <h2><a href=\"https:\/\/www.vejaantes.com.br\/index.php\/2026\/01\/03\/ola-mundo-2-2-2\/\">Por que ter um ar-condicionado?<\/a><\/h2>\n                        \n                    \n                    <p>O ar-condicionado \u00e9 um item cada vez mais presente em resid\u00eancias, escrit\u00f3rios e com\u00e9rcios, principalmente por oferecer conforto t\u00e9rmico e<\/p>\n                                                <ul class=\"meta\">\n                                                                    <li><i class=\"fa fa-user-circle\"><\/i><a href=\"https:\/\/www.vejaantes.com.br\/index.php\/author\/contatovejaantes-com-br\/\">contato@vejaantes.com.br<\/a><\/li>\n                                                                    <li><i class=\"fa fa-clock-o\"><\/i>03 janeiro 2026<\/li>\n                                                            <\/ul>\n                                \n                    \n                                            <div class=\"post-btn\">\n                            <a class=\"readmore-btn\" href=\"https:\/\/www.vejaantes.com.br\/index.php\/2026\/01\/03\/ola-mundo-2-2-2\/\">SAIBA MAIS<\/a>\n                        <\/div>\n                    \n                <\/div>\n            <\/div>\n                                    <\/div>\n\n                        \n                        \n                <\/div>\n            <\/div>\n            \n            \n\n        \t\t\t\t<\/div>\n\t\t\t\t<\/div>\n\t\t\t\t\t<\/div>\n\t\t\t\t<\/div>\n\t\t<div class=\"elementor-element elementor-element-e9c6f29 e-flex e-con-boxed e-con e-parent\" data-id=\"e9c6f29\" data-element_type=\"container\">\n\t\t\t\t\t<div class=\"e-con-inner\">\n\t\t<div class=\"elementor-element elementor-element-74e6a7b e-con-full e-flex e-con e-child\" data-id=\"74e6a7b\" data-element_type=\"container\">\n\t\t\t\t<div class=\"elementor-element elementor-element-332d5b7 elementor-widget elementor-widget-image\" data-id=\"332d5b7\" data-element_type=\"widget\" data-widget_type=\"image.default\">\n\t\t\t\t\t\t\t\t\t\t\t\t\t\t\t<img decoding=\"async\" src=\"https:\/\/www.vejaantes.com.br\/wp-content\/plugins\/elementor\/assets\/images\/placeholder.png\" title=\"\" alt=\"\" loading=\"lazy\" \/>\t\t\t\t\t\t\t\t\t\t\t\t\t\t\t<\/div>\n\t\t\t\t<\/div>\n\t\t<div class=\"elementor-element elementor-element-b1c2905 e-con-full e-flex e-con e-child\" data-id=\"b1c2905\" data-element_type=\"container\">\n\t\t\t\t<div class=\"elementor-element elementor-element-8a7884e elementor-widget elementor-widget-image\" data-id=\"8a7884e\" data-element_type=\"widget\" data-widget_type=\"image.default\">\n\t\t\t\t\t\t\t\t\t\t\t\t\t\t\t<img decoding=\"async\" src=\"https:\/\/www.vejaantes.com.br\/wp-content\/plugins\/elementor\/assets\/images\/placeholder.png\" title=\"\" alt=\"\" loading=\"lazy\" \/>\t\t\t\t\t\t\t\t\t\t\t\t\t\t\t<\/div>\n\t\t\t\t<\/div>\n\t\t\t\t\t<\/div>\n\t\t\t\t<\/div>\n\t\t\t\t<\/div>\n\t\t","protected":false},"excerpt":{"rendered":"<p>\u00daltimas Postagens Climatiza\u00e7\u00e3o (ar-condicionado, ventilador) Por que ter um ar-condicionado? O ar-condicionado \u00e9 um item cada vez mais presente em resid\u00eancias, escrit\u00f3rios e com\u00e9rcios, principalmente por oferecer conforto t\u00e9rmico e contato@vejaantes.com.br 06 janeiro 2026 SAIBA MAIS Climatiza\u00e7\u00e3o (ar-condicionado, ventilador) Sem categoria Por que ter um ar-condicionado? O ar-condicionado \u00e9 um item cada vez mais presente&#8230;<\/p>\n","protected":false},"author":1,"featured_media":0,"parent":0,"menu_order":0,"comment_status":"closed","ping_status":"closed","template":"","meta":{"_kad_post_transparent":"","_kad_post_title":"","_kad_post_layout":"","_kad_post_sidebar_id":"","_kad_post_content_style":"","_kad_post_vertical_padding":"","_kad_post_feature":"","_kad_post_feature_position":"","_kad_post_header":false,"_kad_post_footer":false,"_kad_post_classname":"","footnotes":""},"class_list":["post-19","page","type-page","status-publish","hentry"],"yoast_head":"<!-- This site is optimized with the Yoast SEO plugin v26.6 - https:\/\/yoast.com\/wordpress\/plugins\/seo\/ -->\n<title>Home -<\/title>\n<meta name=\"robots\" content=\"index, follow, max-snippet:-1, max-image-preview:large, max-video-preview:-1\" \/>\n<link rel=\"canonical\" href=\"https:\/\/www.vejaantes.com.br\/\" \/>\n<meta property=\"og:locale\" content=\"pt_BR\" \/>\n<meta property=\"og:type\" content=\"article\" \/>\n<meta property=\"og:title\" content=\"Home -\" \/>\n<meta property=\"og:description\" content=\"\u00daltimas Postagens Climatiza\u00e7\u00e3o (ar-condicionado, ventilador) Por que ter um ar-condicionado? O ar-condicionado \u00e9 um item cada vez mais presente em resid\u00eancias, escrit\u00f3rios e com\u00e9rcios, principalmente por oferecer conforto t\u00e9rmico e contato@vejaantes.com.br 06 janeiro 2026 SAIBA MAIS Climatiza\u00e7\u00e3o (ar-condicionado, ventilador) Sem categoria Por que ter um ar-condicionado? O ar-condicionado \u00e9 um item cada vez mais presente...\" \/>\n<meta property=\"og:url\" content=\"https:\/\/www.vejaantes.com.br\/\" \/>\n<meta property=\"article:modified_time\" content=\"2026-01-06T22:14:46+00:00\" \/>\n<meta property=\"og:image\" content=\"https:\/\/www.vejaantes.com.br\/wp-content\/uploads\/2026\/01\/capa.jpg\" \/>\n\t<meta property=\"og:image:width\" content=\"1920\" \/>\n\t<meta property=\"og:image:height\" content=\"620\" \/>\n\t<meta property=\"og:image:type\" content=\"image\/jpeg\" \/>\n<meta name=\"twitter:card\" content=\"summary_large_image\" \/>\n<meta name=\"twitter:label1\" content=\"Est. tempo de leitura\" \/>\n\t<meta name=\"twitter:data1\" content=\"1 minuto\" \/>\n<script type=\"application\/ld+json\" class=\"yoast-schema-graph\">{\"@context\":\"https:\/\/schema.org\",\"@graph\":[{\"@type\":\"WebPage\",\"@id\":\"https:\/\/www.vejaantes.com.br\/\",\"url\":\"https:\/\/www.vejaantes.com.br\/\",\"name\":\"Home -\",\"isPartOf\":{\"@id\":\"https:\/\/www.vejaantes.com.br\/#website\"},\"primaryImageOfPage\":{\"@id\":\"https:\/\/www.vejaantes.com.br\/#primaryimage\"},\"image\":{\"@id\":\"https:\/\/www.vejaantes.com.br\/#primaryimage\"},\"thumbnailUrl\":\"https:\/\/www.vejaantes.com.br\/wp-content\/uploads\/2026\/01\/capa-1024x331.jpg\",\"datePublished\":\"2026-01-02T17:29:58+00:00\",\"dateModified\":\"2026-01-06T22:14:46+00:00\",\"breadcrumb\":{\"@id\":\"https:\/\/www.vejaantes.com.br\/#breadcrumb\"},\"inLanguage\":\"pt-BR\",\"potentialAction\":[{\"@type\":\"ReadAction\",\"target\":[\"https:\/\/www.vejaantes.com.br\/\"]}]},{\"@type\":\"ImageObject\",\"inLanguage\":\"pt-BR\",\"@id\":\"https:\/\/www.vejaantes.com.br\/#primaryimage\",\"url\":\"https:\/\/www.vejaantes.com.br\/wp-content\/uploads\/2026\/01\/capa.jpg\",\"contentUrl\":\"https:\/\/www.vejaantes.com.br\/wp-content\/uploads\/2026\/01\/capa.jpg\",\"width\":1920,\"height\":620},{\"@type\":\"BreadcrumbList\",\"@id\":\"https:\/\/www.vejaantes.com.br\/#breadcrumb\",\"itemListElement\":[{\"@type\":\"ListItem\",\"position\":1,\"name\":\"Home\",\"item\":\"https:\/\/www.vejaantes.com.br\/\"},{\"@type\":\"ListItem\",\"position\":2,\"name\":\"Home\"}]},{\"@type\":\"WebSite\",\"@id\":\"https:\/\/www.vejaantes.com.br\/#website\",\"url\":\"https:\/\/www.vejaantes.com.br\/\",\"name\":\"\",\"description\":\"Veja antes. Compre melhor.\",\"potentialAction\":[{\"@type\":\"SearchAction\",\"target\":{\"@type\":\"EntryPoint\",\"urlTemplate\":\"https:\/\/www.vejaantes.com.br\/?s={search_term_string}\"},\"query-input\":{\"@type\":\"PropertyValueSpecification\",\"valueRequired\":true,\"valueName\":\"search_term_string\"}}],\"inLanguage\":\"pt-BR\"}]}<\/script>\n<!-- \/ Yoast SEO plugin. -->","yoast_head_json":{"title":"Home -","robots":{"index":"index","follow":"follow","max-snippet":"max-snippet:-1","max-image-preview":"max-image-preview:large","max-video-preview":"max-video-preview:-1"},"canonical":"https:\/\/www.vejaantes.com.br\/","og_locale":"pt_BR","og_type":"article","og_title":"Home -","og_description":"\u00daltimas Postagens Climatiza\u00e7\u00e3o (ar-condicionado, ventilador) Por que ter um ar-condicionado? O ar-condicionado \u00e9 um item cada vez mais presente em resid\u00eancias, escrit\u00f3rios e com\u00e9rcios, principalmente por oferecer conforto t\u00e9rmico e contato@vejaantes.com.br 06 janeiro 2026 SAIBA MAIS Climatiza\u00e7\u00e3o (ar-condicionado, ventilador) Sem categoria Por que ter um ar-condicionado? O ar-condicionado \u00e9 um item cada vez mais presente...","og_url":"https:\/\/www.vejaantes.com.br\/","article_modified_time":"2026-01-06T22:14:46+00:00","og_image":[{"width":1920,"height":620,"url":"https:\/\/www.vejaantes.com.br\/wp-content\/uploads\/2026\/01\/capa.jpg","type":"image\/jpeg"}],"twitter_card":"summary_large_image","twitter_misc":{"Est. tempo de leitura":"1 minuto"},"schema":{"@context":"https:\/\/schema.org","@graph":[{"@type":"WebPage","@id":"https:\/\/www.vejaantes.com.br\/","url":"https:\/\/www.vejaantes.com.br\/","name":"Home -","isPartOf":{"@id":"https:\/\/www.vejaantes.com.br\/#website"},"primaryImageOfPage":{"@id":"https:\/\/www.vejaantes.com.br\/#primaryimage"},"image":{"@id":"https:\/\/www.vejaantes.com.br\/#primaryimage"},"thumbnailUrl":"https:\/\/www.vejaantes.com.br\/wp-content\/uploads\/2026\/01\/capa-1024x331.jpg","datePublished":"2026-01-02T17:29:58+00:00","dateModified":"2026-01-06T22:14:46+00:00","breadcrumb":{"@id":"https:\/\/www.vejaantes.com.br\/#breadcrumb"},"inLanguage":"pt-BR","potentialAction":[{"@type":"ReadAction","target":["https:\/\/www.vejaantes.com.br\/"]}]},{"@type":"ImageObject","inLanguage":"pt-BR","@id":"https:\/\/www.vejaantes.com.br\/#primaryimage","url":"https:\/\/www.vejaantes.com.br\/wp-content\/uploads\/2026\/01\/capa.jpg","contentUrl":"https:\/\/www.vejaantes.com.br\/wp-content\/uploads\/2026\/01\/capa.jpg","width":1920,"height":620},{"@type":"BreadcrumbList","@id":"https:\/\/www.vejaantes.com.br\/#breadcrumb","itemListElement":[{"@type":"ListItem","position":1,"name":"Home","item":"https:\/\/www.vejaantes.com.br\/"},{"@type":"ListItem","position":2,"name":"Home"}]},{"@type":"WebSite","@id":"https:\/\/www.vejaantes.com.br\/#website","url":"https:\/\/www.vejaantes.com.br\/","name":"","description":"Veja antes. Compre melhor.","potentialAction":[{"@type":"SearchAction","target":{"@type":"EntryPoint","urlTemplate":"https:\/\/www.vejaantes.com.br\/?s={search_term_string}"},"query-input":{"@type":"PropertyValueSpecification","valueRequired":true,"valueName":"search_term_string"}}],"inLanguage":"pt-BR"}]}},"_links":{"self":[{"href":"https:\/\/www.vejaantes.com.br\/index.php\/wp-json\/wp\/v2\/pages\/19","targetHints":{"allow":["GET"]}}],"collection":[{"href":"https:\/\/www.vejaantes.com.br\/index.php\/wp-json\/wp\/v2\/pages"}],"about":[{"href":"https:\/\/www.vejaantes.com.br\/index.php\/wp-json\/wp\/v2\/types\/page"}],"author":[{"embeddable":true,"href":"https:\/\/www.vejaantes.com.br\/index.php\/wp-json\/wp\/v2\/users\/1"}],"replies":[{"embeddable":true,"href":"https:\/\/www.vejaantes.com.br\/index.php\/wp-json\/wp\/v2\/comments?post=19"}],"version-history":[{"count":70,"href":"https:\/\/www.vejaantes.com.br\/index.php\/wp-json\/wp\/v2\/pages\/19\/revisions"}],"predecessor-version":[{"id":283,"href":"https:\/\/www.vejaantes.com.br\/index.php\/wp-json\/wp\/v2\/pages\/19\/revisions\/283"}],"wp:attachment":[{"href":"https:\/\/www.vejaantes.com.br\/index.php\/wp-json\/wp\/v2\/media?parent=19"}],"curies":[{"name":"wp","href":"https:\/\/api.w.org\/{rel}","templated":true}]}}